{"id":141,"date":"2023-04-25T16:37:12","date_gmt":"2023-04-25T14:37:12","guid":{"rendered":"https:\/\/neydo.cloud\/?page_id=141"},"modified":"2024-03-19T09:39:28","modified_gmt":"2024-03-19T08:39:28","slug":"manifeste","status":"publish","type":"page","link":"https:\/\/neydo.cloud\/fr\/manifeste\/","title":{"rendered":"Notre histoire"},"content":{"rendered":"\n<p>Les r\u00eaves olfactifs sont encore rares et rarement d\u00e9crits. Ceux qui en font l\u2019exp\u00e9rience parlent d\u2019une sensation intense, d\u00e9cupl\u00e9e par rapport \u00e0 la r\u00e9alit\u00e9, et porteuse d\u2019une \u00e9motion inconnue. Il faut \u00eatre particuli\u00e8rement attentif au monde des odeurs, connect\u00e9 \u00e0 ce r\u00e9seau de sensations pour avoir la chance de r\u00eaver plus grand, plus fort, en odeurs.<\/p>\n\n\n\n<p>Nous croyons que ces r\u00eaves, parce qu\u2019ils sont exceptionnels et uniques, ont un potentiel d\u2019inspiration olfactif et artistique.<\/p>\n\n\n\n<p>Il nous est donc venu une id\u00e9e in\u00e9dite, celle de faire des r\u00eaves olfactifs le point de d\u00e9part de parfums.<\/p>\n\n\n\n<p>Ces parfums, dict\u00e9s par l\u2019inconscient et l\u2019imaginaire, auraient une dimension insolite et encourageraient ceux qui les porteraient ensuite \u00e0 agrandir leur imagination.<\/p>\n\n\n\n<p>Aujourd\u2019hui, nous recueillons les histoires de ces r\u00eaveurs, pour cr\u00e9er une collection de parfums. Et si vous nous racontiez la v\u00f4tre&nbsp;? Peut-\u00eatre pourrait-elle devenir \u00e0 son tour un r\u00eave liquide&nbsp;?<\/p>\n\n\n\n<p>Si vous souhaitez rejoindre notre communaut\u00e9 de r\u00eaveurs olfactifs et participer \u00e0 cette aventure sans pr\u00e9c\u00e9dent, n\u2019h\u00e9sitez pas \u00e0 nous contacter pour nous raconter vos r\u00eaves&nbsp;: <a href=\"mailto:histoire@reveurs-olfactifs.fr\">histoire@reveurs-olfactifs.fr<\/a><\/p>\n\n\n\n<p>\u00c0 propos de nous : Les r\u00eaves et les parfums sont faits de la m\u00eame \u00e9toffe. Le nom NEYDO provient d&rsquo;un monast\u00e8re bouddhiste de la vall\u00e9e de Katmandou. \u00c0 l\u2019exemple des moines qui pratiquent le silence pour calmer l&rsquo;esprit et donner plus de sens \u00e0 la parole, NEYDO est une marque qui encourage ses adeptes \u00e0 trouver la beaut\u00e9 et la v\u00e9rit\u00e9 dans le non-dit. Porter un parfum NEYDO est une invitation silencieuse \u00e0 d\u00e9couvrir, par le parfum, sa v\u00e9ritable identit\u00e9 et ses d\u00e9sirs les plus profonds.<\/p>\n","protected":false},"excerpt":{"rendered":"<p>Et si les r\u00eaves devenaient parfums\u00a0?<br \/>\nEt si des r\u00eaveurs confiaient \u00e0 des parfumeurs leurs images olfactives et sensorielles v\u00e9cues pendant le sommeil\u2026 cela cr\u00e9erait une collection de parfums in\u00e9dits, libres et pleins de caract\u00e8re.<\/p>\n","protected":false},"author":2,"featured_media":208,"parent":0,"menu_order":0,"comment_status":"closed","ping_status":"closed","template":"","meta":{"_acf_changed":false,"footnotes":""},"class_list":["post-141","page","type-page","status-publish","has-post-thumbnail","hentry"],"acf":[],"yoast_head":"<!-- This site is optimized with the Yoast SEO plugin v25.6 - https:\/\/yoast.com\/wordpress\/plugins\/seo\/ -->\n<title>Notre histoire<\/title>\n<meta name=\"robots\" content=\"index, follow, max-snippet:-1, max-image-preview:large, max-video-preview:-1\" \/>\n<link rel=\"canonical\" href=\"https:\/\/neydo.cloud\/fr\/manifeste\/\" \/>\n<meta property=\"og:locale\" content=\"fr_FR\" \/>\n<meta property=\"og:type\" content=\"article\" \/>\n<meta property=\"og:title\" content=\"Notre histoire\" \/>\n<meta property=\"og:description\" content=\"Et si les r\u00eaves devenaient parfums\u00a0? Et si des r\u00eaveurs confiaient \u00e0 des parfumeurs leurs images olfactives et sensorielles v\u00e9cues pendant le sommeil\u2026 cela cr\u00e9erait une collection de parfums in\u00e9dits, libres et pleins de caract\u00e8re.\" \/>\n<meta property=\"og:url\" content=\"https:\/\/neydo.cloud\/fr\/manifeste\/\" \/>\n<meta property=\"og:site_name\" content=\"Neydo\" \/>\n<meta property=\"article:modified_time\" content=\"2024-03-19T08:39:28+00:00\" \/>\n<meta property=\"og:image\" content=\"https:\/\/neydo.cloud\/wp-content\/uploads\/2023\/05\/moon-walk-600.png\" \/>\n\t<meta property=\"og:image:width\" content=\"600\" \/>\n\t<meta property=\"og:image:height\" content=\"600\" \/>\n\t<meta property=\"og:image:type\" content=\"image\/png\" \/>\n<meta name=\"twitter:card\" content=\"summary_large_image\" \/>\n<meta name=\"twitter:label1\" content=\"Dur\u00e9e de lecture estim\u00e9e\" \/>\n\t<meta name=\"twitter:data1\" content=\"2 minutes\" \/>\n<script type=\"application\/ld+json\" class=\"yoast-schema-graph\">{\"@context\":\"https:\/\/schema.org\",\"@graph\":[{\"@type\":\"WebPage\",\"@id\":\"https:\/\/neydo.cloud\/fr\/manifeste\/\",\"url\":\"https:\/\/neydo.cloud\/fr\/manifeste\/\",\"name\":\"Notre histoire\",\"isPartOf\":{\"@id\":\"https:\/\/neydo.cloud\/fr\/#website\"},\"primaryImageOfPage\":{\"@id\":\"https:\/\/neydo.cloud\/fr\/manifeste\/#primaryimage\"},\"image\":{\"@id\":\"https:\/\/neydo.cloud\/fr\/manifeste\/#primaryimage\"},\"thumbnailUrl\":\"https:\/\/neydo.cloud\/wp-content\/uploads\/2023\/05\/moon-walk-600.png\",\"datePublished\":\"2023-04-25T14:37:12+00:00\",\"dateModified\":\"2024-03-19T08:39:28+00:00\",\"breadcrumb\":{\"@id\":\"https:\/\/neydo.cloud\/fr\/manifeste\/#breadcrumb\"},\"inLanguage\":\"fr-FR\",\"potentialAction\":[{\"@type\":\"ReadAction\",\"target\":[\"https:\/\/neydo.cloud\/fr\/manifeste\/\"]}]},{\"@type\":\"ImageObject\",\"inLanguage\":\"fr-FR\",\"@id\":\"https:\/\/neydo.cloud\/fr\/manifeste\/#primaryimage\",\"url\":\"https:\/\/neydo.cloud\/wp-content\/uploads\/2023\/05\/moon-walk-600.png\",\"contentUrl\":\"https:\/\/neydo.cloud\/wp-content\/uploads\/2023\/05\/moon-walk-600.png\",\"width\":600,\"height\":600},{\"@type\":\"BreadcrumbList\",\"@id\":\"https:\/\/neydo.cloud\/fr\/manifeste\/#breadcrumb\",\"itemListElement\":[{\"@type\":\"ListItem\",\"position\":1,\"name\":\"Accueil\",\"item\":\"https:\/\/neydo.cloud\/fr\/\"},{\"@type\":\"ListItem\",\"position\":2,\"name\":\"Notre histoire\"}]},{\"@type\":\"WebSite\",\"@id\":\"https:\/\/neydo.cloud\/fr\/#website\",\"url\":\"https:\/\/neydo.cloud\/fr\/\",\"name\":\"Olfactory dreamers\",\"description\":\"\",\"publisher\":{\"@id\":\"https:\/\/neydo.cloud\/fr\/#organization\"},\"potentialAction\":[{\"@type\":\"SearchAction\",\"target\":{\"@type\":\"EntryPoint\",\"urlTemplate\":\"https:\/\/neydo.cloud\/fr\/?s={search_term_string}\"},\"query-input\":{\"@type\":\"PropertyValueSpecification\",\"valueRequired\":true,\"valueName\":\"search_term_string\"}}],\"inLanguage\":\"fr-FR\"},{\"@type\":\"Organization\",\"@id\":\"https:\/\/neydo.cloud\/fr\/#organization\",\"name\":\"Olfactory dreamers\",\"url\":\"https:\/\/neydo.cloud\/fr\/\",\"logo\":{\"@type\":\"ImageObject\",\"inLanguage\":\"fr-FR\",\"@id\":\"https:\/\/neydo.cloud\/fr\/#\/schema\/logo\/image\/\",\"url\":\"https:\/\/neydo.cloud\/wp-content\/uploads\/2023\/10\/neydo.svg\",\"contentUrl\":\"https:\/\/neydo.cloud\/wp-content\/uploads\/2023\/10\/neydo.svg\",\"width\":194,\"height\":36,\"caption\":\"Olfactory dreamers\"},\"image\":{\"@id\":\"https:\/\/neydo.cloud\/fr\/#\/schema\/logo\/image\/\"}}]}<\/script>\n<!-- \/ Yoast SEO plugin. -->","yoast_head_json":{"title":"Notre histoire","robots":{"index":"index","follow":"follow","max-snippet":"max-snippet:-1","max-image-preview":"max-image-preview:large","max-video-preview":"max-video-preview:-1"},"canonical":"https:\/\/neydo.cloud\/fr\/manifeste\/","og_locale":"fr_FR","og_type":"article","og_title":"Notre histoire","og_description":"Et si les r\u00eaves devenaient parfums\u00a0? Et si des r\u00eaveurs confiaient \u00e0 des parfumeurs leurs images olfactives et sensorielles v\u00e9cues pendant le sommeil\u2026 cela cr\u00e9erait une collection de parfums in\u00e9dits, libres et pleins de caract\u00e8re.","og_url":"https:\/\/neydo.cloud\/fr\/manifeste\/","og_site_name":"Neydo","article_modified_time":"2024-03-19T08:39:28+00:00","og_image":[{"width":600,"height":600,"url":"https:\/\/neydo.cloud\/wp-content\/uploads\/2023\/05\/moon-walk-600.png","type":"image\/png"}],"twitter_card":"summary_large_image","twitter_misc":{"Dur\u00e9e de lecture estim\u00e9e":"2 minutes"},"schema":{"@context":"https:\/\/schema.org","@graph":[{"@type":"WebPage","@id":"https:\/\/neydo.cloud\/fr\/manifeste\/","url":"https:\/\/neydo.cloud\/fr\/manifeste\/","name":"Notre histoire","isPartOf":{"@id":"https:\/\/neydo.cloud\/fr\/#website"},"primaryImageOfPage":{"@id":"https:\/\/neydo.cloud\/fr\/manifeste\/#primaryimage"},"image":{"@id":"https:\/\/neydo.cloud\/fr\/manifeste\/#primaryimage"},"thumbnailUrl":"https:\/\/neydo.cloud\/wp-content\/uploads\/2023\/05\/moon-walk-600.png","datePublished":"2023-04-25T14:37:12+00:00","dateModified":"2024-03-19T08:39:28+00:00","breadcrumb":{"@id":"https:\/\/neydo.cloud\/fr\/manifeste\/#breadcrumb"},"inLanguage":"fr-FR","potentialAction":[{"@type":"ReadAction","target":["https:\/\/neydo.cloud\/fr\/manifeste\/"]}]},{"@type":"ImageObject","inLanguage":"fr-FR","@id":"https:\/\/neydo.cloud\/fr\/manifeste\/#primaryimage","url":"https:\/\/neydo.cloud\/wp-content\/uploads\/2023\/05\/moon-walk-600.png","contentUrl":"https:\/\/neydo.cloud\/wp-content\/uploads\/2023\/05\/moon-walk-600.png","width":600,"height":600},{"@type":"BreadcrumbList","@id":"https:\/\/neydo.cloud\/fr\/manifeste\/#breadcrumb","itemListElement":[{"@type":"ListItem","position":1,"name":"Accueil","item":"https:\/\/neydo.cloud\/fr\/"},{"@type":"ListItem","position":2,"name":"Notre histoire"}]},{"@type":"WebSite","@id":"https:\/\/neydo.cloud\/fr\/#website","url":"https:\/\/neydo.cloud\/fr\/","name":"Olfactory dreamers","description":"","publisher":{"@id":"https:\/\/neydo.cloud\/fr\/#organization"},"potentialAction":[{"@type":"SearchAction","target":{"@type":"EntryPoint","urlTemplate":"https:\/\/neydo.cloud\/fr\/?s={search_term_string}"},"query-input":{"@type":"PropertyValueSpecification","valueRequired":true,"valueName":"search_term_string"}}],"inLanguage":"fr-FR"},{"@type":"Organization","@id":"https:\/\/neydo.cloud\/fr\/#organization","name":"Olfactory dreamers","url":"https:\/\/neydo.cloud\/fr\/","logo":{"@type":"ImageObject","inLanguage":"fr-FR","@id":"https:\/\/neydo.cloud\/fr\/#\/schema\/logo\/image\/","url":"https:\/\/neydo.cloud\/wp-content\/uploads\/2023\/10\/neydo.svg","contentUrl":"https:\/\/neydo.cloud\/wp-content\/uploads\/2023\/10\/neydo.svg","width":194,"height":36,"caption":"Olfactory dreamers"},"image":{"@id":"https:\/\/neydo.cloud\/fr\/#\/schema\/logo\/image\/"}}]}},"_links":{"self":[{"href":"https:\/\/neydo.cloud\/fr\/wp-json\/wp\/v2\/pages\/141","targetHints":{"allow":["GET"]}}],"collection":[{"href":"https:\/\/neydo.cloud\/fr\/wp-json\/wp\/v2\/pages"}],"about":[{"href":"https:\/\/neydo.cloud\/fr\/wp-json\/wp\/v2\/types\/page"}],"author":[{"embeddable":true,"href":"https:\/\/neydo.cloud\/fr\/wp-json\/wp\/v2\/users\/2"}],"replies":[{"embeddable":true,"href":"https:\/\/neydo.cloud\/fr\/wp-json\/wp\/v2\/comments?post=141"}],"version-history":[{"count":10,"href":"https:\/\/neydo.cloud\/fr\/wp-json\/wp\/v2\/pages\/141\/revisions"}],"predecessor-version":[{"id":1148,"href":"https:\/\/neydo.cloud\/fr\/wp-json\/wp\/v2\/pages\/141\/revisions\/1148"}],"wp:featuredmedia":[{"embeddable":true,"href":"https:\/\/neydo.cloud\/fr\/wp-json\/wp\/v2\/media\/208"}],"wp:attachment":[{"href":"https:\/\/neydo.cloud\/fr\/wp-json\/wp\/v2\/media?parent=141"}],"curies":[{"name":"wp","href":"https:\/\/api.w.org\/{rel}","templated":true}]}}