{"id":494,"date":"2023-11-07T17:44:31","date_gmt":"2023-11-07T16:44:31","guid":{"rendered":"https:\/\/neydo.cloud\/?page_id=494"},"modified":"2024-04-10T14:45:47","modified_gmt":"2024-04-10T12:45:47","slug":"ou-acheter","status":"publish","type":"page","link":"https:\/\/neydo.cloud\/fr\/ou-acheter\/","title":{"rendered":"O\u00f9 acheter"},"content":{"rendered":"\n<p>Profitez de la simplicit\u00e9 de s\u00e9lectionner vos parfums pr\u00e9f\u00e9r\u00e9s depuis chez vous, et imaginez d\u00e9j\u00e0 la joie de les recevoir directement \u00e0 votre porte.<\/p>\n\n\n\n<p>Restez connect\u00e9s pour \u00eatre tenus au courant de l&rsquo;ajout d&rsquo;adresses de boutiques qui vous offriront une exp\u00e9rience olfactive en r\u00e9el !<\/p>\n\n\n\n<h2 class=\"wp-block-heading\"><strong>Comment pouvez-vous nous contacter en cas de questions ?&nbsp;<\/strong><\/h2>\n\n\n\n<p>Pour toute question, vous pouvez nous contacter \u00e0 :&nbsp;<\/p>\n\n\n\n<div class=\"wp-block-group\"><div class=\"wp-block-group__inner-container is-layout-constrained wp-block-group-is-layout-constrained\">\n<p>WHITE SPACE BRAND LAB<br>6300, Zug, Baarerstrasse 14, Switzerland<br><a href=\"info@neydo.cloud\"><\/a><a href=\"mailto:contact@wsbrandlab.com\">info@neydo.cloud<\/a><\/p>\n<\/div><\/div>\n","protected":false},"excerpt":{"rendered":"<p>Laissez-vous tenter par nos fragrances, disponibles \u00e0 l&rsquo;achat en ligne directement sur ce site<\/p>\n","protected":false},"author":6,"featured_media":0,"parent":0,"menu_order":0,"comment_status":"closed","ping_status":"closed","template":"","meta":{"_acf_changed":false,"footnotes":""},"class_list":["post-494","page","type-page","status-publish","hentry"],"acf":[],"yoast_head":"<!-- This site is optimized with the Yoast SEO plugin v25.6 - https:\/\/yoast.com\/wordpress\/plugins\/seo\/ -->\n<title>O\u00f9 acheter<\/title>\n<meta name=\"description\" content=\"Laissez-vous s\u00e9duire par nos parfums, disponibles \u00e0 l&#039;achat en ligne directement sur ce site web.\" \/>\n<meta name=\"robots\" content=\"index, follow, max-snippet:-1, max-image-preview:large, max-video-preview:-1\" \/>\n<link rel=\"canonical\" href=\"https:\/\/neydo.cloud\/fr\/ou-acheter\/\" \/>\n<meta property=\"og:locale\" content=\"fr_FR\" \/>\n<meta property=\"og:type\" content=\"article\" \/>\n<meta property=\"og:title\" content=\"O\u00f9 acheter\" \/>\n<meta property=\"og:description\" content=\"Laissez-vous s\u00e9duire par nos parfums, disponibles \u00e0 l&#039;achat en ligne directement sur ce site web.\" \/>\n<meta property=\"og:url\" content=\"https:\/\/neydo.cloud\/fr\/ou-acheter\/\" \/>\n<meta property=\"og:site_name\" content=\"Neydo\" \/>\n<meta property=\"article:modified_time\" content=\"2024-04-10T12:45:47+00:00\" \/>\n<meta name=\"twitter:card\" content=\"summary_large_image\" \/>\n<meta name=\"twitter:label1\" content=\"Dur\u00e9e de lecture estim\u00e9e\" \/>\n\t<meta name=\"twitter:data1\" content=\"1 minute\" \/>\n<script type=\"application\/ld+json\" class=\"yoast-schema-graph\">{\"@context\":\"https:\/\/schema.org\",\"@graph\":[{\"@type\":\"WebPage\",\"@id\":\"https:\/\/neydo.cloud\/fr\/ou-acheter\/\",\"url\":\"https:\/\/neydo.cloud\/fr\/ou-acheter\/\",\"name\":\"O\u00f9 acheter\",\"isPartOf\":{\"@id\":\"https:\/\/neydo.cloud\/fr\/#website\"},\"datePublished\":\"2023-11-07T16:44:31+00:00\",\"dateModified\":\"2024-04-10T12:45:47+00:00\",\"description\":\"Laissez-vous s\u00e9duire par nos parfums, disponibles \u00e0 l'achat en ligne directement sur ce site web.\",\"breadcrumb\":{\"@id\":\"https:\/\/neydo.cloud\/fr\/ou-acheter\/#breadcrumb\"},\"inLanguage\":\"fr-FR\",\"potentialAction\":[{\"@type\":\"ReadAction\",\"target\":[\"https:\/\/neydo.cloud\/fr\/ou-acheter\/\"]}]},{\"@type\":\"BreadcrumbList\",\"@id\":\"https:\/\/neydo.cloud\/fr\/ou-acheter\/#breadcrumb\",\"itemListElement\":[{\"@type\":\"ListItem\",\"position\":1,\"name\":\"Accueil\",\"item\":\"https:\/\/neydo.cloud\/fr\/\"},{\"@type\":\"ListItem\",\"position\":2,\"name\":\"O\u00f9 acheter\"}]},{\"@type\":\"WebSite\",\"@id\":\"https:\/\/neydo.cloud\/fr\/#website\",\"url\":\"https:\/\/neydo.cloud\/fr\/\",\"name\":\"Olfactory dreamers\",\"description\":\"\",\"publisher\":{\"@id\":\"https:\/\/neydo.cloud\/fr\/#organization\"},\"potentialAction\":[{\"@type\":\"SearchAction\",\"target\":{\"@type\":\"EntryPoint\",\"urlTemplate\":\"https:\/\/neydo.cloud\/fr\/?s={search_term_string}\"},\"query-input\":{\"@type\":\"PropertyValueSpecification\",\"valueRequired\":true,\"valueName\":\"search_term_string\"}}],\"inLanguage\":\"fr-FR\"},{\"@type\":\"Organization\",\"@id\":\"https:\/\/neydo.cloud\/fr\/#organization\",\"name\":\"Olfactory dreamers\",\"url\":\"https:\/\/neydo.cloud\/fr\/\",\"logo\":{\"@type\":\"ImageObject\",\"inLanguage\":\"fr-FR\",\"@id\":\"https:\/\/neydo.cloud\/fr\/#\/schema\/logo\/image\/\",\"url\":\"https:\/\/neydo.cloud\/wp-content\/uploads\/2023\/10\/neydo.svg\",\"contentUrl\":\"https:\/\/neydo.cloud\/wp-content\/uploads\/2023\/10\/neydo.svg\",\"width\":194,\"height\":36,\"caption\":\"Olfactory dreamers\"},\"image\":{\"@id\":\"https:\/\/neydo.cloud\/fr\/#\/schema\/logo\/image\/\"}}]}<\/script>\n<!-- \/ Yoast SEO plugin. -->","yoast_head_json":{"title":"O\u00f9 acheter","description":"Laissez-vous s\u00e9duire par nos parfums, disponibles \u00e0 l'achat en ligne directement sur ce site web.","robots":{"index":"index","follow":"follow","max-snippet":"max-snippet:-1","max-image-preview":"max-image-preview:large","max-video-preview":"max-video-preview:-1"},"canonical":"https:\/\/neydo.cloud\/fr\/ou-acheter\/","og_locale":"fr_FR","og_type":"article","og_title":"O\u00f9 acheter","og_description":"Laissez-vous s\u00e9duire par nos parfums, disponibles \u00e0 l'achat en ligne directement sur ce site web.","og_url":"https:\/\/neydo.cloud\/fr\/ou-acheter\/","og_site_name":"Neydo","article_modified_time":"2024-04-10T12:45:47+00:00","twitter_card":"summary_large_image","twitter_misc":{"Dur\u00e9e de lecture estim\u00e9e":"1 minute"},"schema":{"@context":"https:\/\/schema.org","@graph":[{"@type":"WebPage","@id":"https:\/\/neydo.cloud\/fr\/ou-acheter\/","url":"https:\/\/neydo.cloud\/fr\/ou-acheter\/","name":"O\u00f9 acheter","isPartOf":{"@id":"https:\/\/neydo.cloud\/fr\/#website"},"datePublished":"2023-11-07T16:44:31+00:00","dateModified":"2024-04-10T12:45:47+00:00","description":"Laissez-vous s\u00e9duire par nos parfums, disponibles \u00e0 l'achat en ligne directement sur ce site web.","breadcrumb":{"@id":"https:\/\/neydo.cloud\/fr\/ou-acheter\/#breadcrumb"},"inLanguage":"fr-FR","potentialAction":[{"@type":"ReadAction","target":["https:\/\/neydo.cloud\/fr\/ou-acheter\/"]}]},{"@type":"BreadcrumbList","@id":"https:\/\/neydo.cloud\/fr\/ou-acheter\/#breadcrumb","itemListElement":[{"@type":"ListItem","position":1,"name":"Accueil","item":"https:\/\/neydo.cloud\/fr\/"},{"@type":"ListItem","position":2,"name":"O\u00f9 acheter"}]},{"@type":"WebSite","@id":"https:\/\/neydo.cloud\/fr\/#website","url":"https:\/\/neydo.cloud\/fr\/","name":"Olfactory dreamers","description":"","publisher":{"@id":"https:\/\/neydo.cloud\/fr\/#organization"},"potentialAction":[{"@type":"SearchAction","target":{"@type":"EntryPoint","urlTemplate":"https:\/\/neydo.cloud\/fr\/?s={search_term_string}"},"query-input":{"@type":"PropertyValueSpecification","valueRequired":true,"valueName":"search_term_string"}}],"inLanguage":"fr-FR"},{"@type":"Organization","@id":"https:\/\/neydo.cloud\/fr\/#organization","name":"Olfactory dreamers","url":"https:\/\/neydo.cloud\/fr\/","logo":{"@type":"ImageObject","inLanguage":"fr-FR","@id":"https:\/\/neydo.cloud\/fr\/#\/schema\/logo\/image\/","url":"https:\/\/neydo.cloud\/wp-content\/uploads\/2023\/10\/neydo.svg","contentUrl":"https:\/\/neydo.cloud\/wp-content\/uploads\/2023\/10\/neydo.svg","width":194,"height":36,"caption":"Olfactory dreamers"},"image":{"@id":"https:\/\/neydo.cloud\/fr\/#\/schema\/logo\/image\/"}}]}},"_links":{"self":[{"href":"https:\/\/neydo.cloud\/fr\/wp-json\/wp\/v2\/pages\/494","targetHints":{"allow":["GET"]}}],"collection":[{"href":"https:\/\/neydo.cloud\/fr\/wp-json\/wp\/v2\/pages"}],"about":[{"href":"https:\/\/neydo.cloud\/fr\/wp-json\/wp\/v2\/types\/page"}],"author":[{"embeddable":true,"href":"https:\/\/neydo.cloud\/fr\/wp-json\/wp\/v2\/users\/6"}],"replies":[{"embeddable":true,"href":"https:\/\/neydo.cloud\/fr\/wp-json\/wp\/v2\/comments?post=494"}],"version-history":[{"count":16,"href":"https:\/\/neydo.cloud\/fr\/wp-json\/wp\/v2\/pages\/494\/revisions"}],"predecessor-version":[{"id":1208,"href":"https:\/\/neydo.cloud\/fr\/wp-json\/wp\/v2\/pages\/494\/revisions\/1208"}],"wp:attachment":[{"href":"https:\/\/neydo.cloud\/fr\/wp-json\/wp\/v2\/media?parent=494"}],"curies":[{"name":"wp","href":"https:\/\/api.w.org\/{rel}","templated":true}]}}